{"id":932,"date":"2025-02-25T13:13:58","date_gmt":"2025-02-25T12:13:58","guid":{"rendered":"https:\/\/walkomed.pl\/sklep\/produkt\/md-tissue-guna-tropokolagen-stymulatory-tkankowe-mezoterapia-ampulka-2x-2ml-3\/"},"modified":"2025-02-25T13:52:02","modified_gmt":"2025-02-25T12:52:02","slug":"md-tissue-guna-tropokolagen-stymulatory-tkankowe-mezoterapia-ampulka-2x-2ml-3","status":"publish","type":"product","link":"https:\/\/walkomed.pl\/sklep\/produkt\/md-tissue-guna-tropokolagen-stymulatory-tkankowe-mezoterapia-ampulka-2x-2ml-3\/","title":{"rendered":"MD TISSUE GUNA TROPOKOLAGEN stymulatory tkankowe mezoterapia ampu\u0142ka 2x 2ml"},"content":{"rendered":"<section class=\"section\">\n<div class=\"item item-12\">\n<section class=\"text-item\">\n<h2>\u2b50 Zachowaj m\u0142odo\u015b\u0107 i zdrowie swojej sk\u00f3ry z MD-TISSUE GUNA \u2013 zaawansowanym wyrobem medycznym stworzonym, aby skutecznie zapobiega\u0107 starzeniu si\u0119 tkanki \u0142\u0105cznej i poprawia\u0107 jej kondycj\u0119 \u2b50<\/h2>\n<\/section><\/div>\n<\/section>\n<section class=\"section\">\n<div class=\"item item-6\">\n<section class=\"image-item\"><img decoding=\"async\" src=\"https:\/\/upload.cdn.baselinker.com\/products\/3016871\/2bc73a3c2cfa8153f535de8147b66a83.jpg\" \/><\/section>\n<\/p><\/div>\n<div class=\"item item-6\">\n<section class=\"text-item\">\n<h1>\u27a1\ufe0f Dlaczego warto wybra\u0107 MD-TISSUE?<\/h1>\n<ul>\n<li><b>Kolagen <\/b>&#8211; G\u0142\u00f3wny sk\u0142adnik wspiera naturalne w\u0142\u00f3kna kolagenowe, zapewniaj\u0105c sk\u00f3rze spr\u0119\u017cysto\u015b\u0107 i nawil\u017cenie.<\/li>\n<li><b>Innowacyjne dzia\u0142anie<\/b> &#8211; Produkt dzia\u0142a jak bariera przeciw wolnym rodnikom, hamuj\u0105c procesy starzenia si\u0119 sk\u00f3ry.<\/li>\n<li><b>Wsparcie estetyczne <\/b>&#8211; Idealny do wyg\u0142adzania zmarszczek i poprawy kondycji sk\u00f3ry.<\/li>\n<li><b>Wszechstronne zastosowanie <\/b>&#8211; MD-TISSUE sprawdza si\u0119 r\u00f3wnie\u017c w ortopedii, wspieraj\u0105c aparat ruchu i ograniczaj\u0105c degradacj\u0119 staw\u00f3w i tkanek.<\/li>\n<\/ul>\n<p>Aukcja dotyczy dw\u00f3ch ampu\u0142ek po 2 ml.<\/p>\n<\/section><\/div>\n<\/section>\n<section class=\"section\">\n<div class=\"item item-6\">\n<section class=\"text-item\">\n<p><b>Zastosowanie:<\/b><\/p>\n<ul>\n<li>Redukcja zmarszczek<\/li>\n<li>Nawil\u017cenie i uj\u0119drnienie sk\u00f3ry<\/li>\n<li>Zmniejszenie efekt\u00f3w fotostarzenia<\/li>\n<\/ul>\n<p><b>Sk\u0142ad:<\/b><\/p>\n<ul>\n<li><b>Kolagen<\/b> &#8211; Pochodzenia zwierz\u0119cego, odpowiedzialny za j\u0119drno\u015b\u0107 i elastyczno\u015b\u0107 sk\u00f3ry.<\/li>\n<li>Dodatkowe sk\u0142adniki aktywne &#8211; Kwas askorbinowy (witamina C), glukonian magnezu, chlorowodorek pirydoksyny (witamina B6), ryboflawina (witamina B2), tiamina (witamina B1), NaCl, woda do wstrzykni\u0119\u0107.<\/li>\n<\/ul>\n<\/section><\/div>\n<div class=\"item item-6\">\n<section class=\"image-item\"><img decoding=\"async\" src=\"https:\/\/upload.cdn.baselinker.com\/products\/3016871\/1beb32f2c67cd200ad8e38ac18ecdcd3.jpg\" \/><\/section>\n<\/p><\/div>\n<\/section>\n<section class=\"section\">\n<div class=\"item item-6\">\n<section class=\"image-item\"><img decoding=\"async\" src=\"https:\/\/upload.cdn.baselinker.com\/products\/3016871\/cab42749451e7678e9aff19bf64c4675.jpg\" \/><\/section>\n<\/p><\/div>\n<div class=\"item item-6\">\n<section class=\"text-item\">\n<h2>MD-TISSUE GUNA to wszechstronny wyr\u00f3b medyczny idealny do:<\/h2>\n<p><b>Terapia miejscowa<\/b> \u2013 Bezpo\u015brednie \u0142agodzenie miejscowych dolegliwo\u015bci b\u00f3lowych.<\/p>\n<p><b>Suplementacja kolagenu<\/b> \u2013 Wspomaga naturaln\u0105 produkcj\u0119 kolagenu, kluczowego dla zdrowia i wygl\u0105du sk\u00f3ry.<\/p>\n<p><b>Zabezpieczenie przed starzeniem<\/b> \u2013 Chroni tkank\u0119 \u0142\u0105czn\u0105 przed wolnymi rodnikami, op\u00f3\u017aniaj\u0105c procesy starzenia.<\/p>\n<p><b>Regeneracja tkanki \u0142\u0105cznej<\/b> \u2013 Przywraca integralno\u015b\u0107 tkanki, wspieraj\u0105c jej odbudow\u0119 i wzmocnienie.<\/p>\n<\/section><\/div>\n<\/section>\n<section class=\"section\">\n<div class=\"item item-6\">\n<section class=\"text-item\">\n<p><b>MD-TISSUE JEST WYROBEM MEDYCZNYM. U\u017bYWAJ GO ZGODNIE Z INSTRUKCJ\u0104 LUB ETYKIET\u0104.<\/b><\/p>\n<p><b>Produkt do stosowania wy\u0142\u0105cznie przez wykwalifikowany personel medyczny. Przed u\u017cyciem zapoznaj si\u0119 z informacj\u0105 u\u017cywania wyrobu medycznego i skonsultuj si\u0119 <\/b><b>z lekarzem.<\/b><\/p>\n<p><b>Produkt mo\u017ce by\u0107 stosowany<\/b>&nbsp;<b>wy\u0142\u0105cznie<\/b>&nbsp;<b>przez profesjonalist\u00f3w.<\/b><\/p>\n<p><b>Dokonuj\u0105c zakupu o\u015bwiadczasz, \u017ce jeste\u015b lekarzem lub kosmetologiem przeszkolonym z zakresu medycyny estetycznej.<\/b><\/p>\n<\/section><\/div>\n<div class=\"item item-6\">\n<section class=\"image-item\"><img decoding=\"async\" src=\"https:\/\/upload.cdn.baselinker.com\/products\/3016871\/2bc73a3c2cfa8153f535de8147b66a83.jpg\" \/><\/section>\n<\/p><\/div>\n<\/section>\n<section class=\"section\">\n<div class=\"item item-12\">\n<section class=\"text-item\">\n<h2>Spos\u00f3b u\u017cycia:<\/h2>\n<p>Protok\u00f3\u0142 leczenia: 2 zabiegi w tygodniu przez pierwsze 2 tygodnie; 1 zabieg w tygodniu do momentu z\u0142agodzenia objaw\u00f3w (\u015brednio 8-10 sesji). Mo\u017cna kontynuowa\u0107 leczenie wykonuj\u0105c 1 zabieg co tydzie\u0144, nie d\u0142u\u017cej jednak ni\u017c przez 10 tygodni. W przewlek\u0142ych stanach patologicznych nale\u017cy kontynuowa\u0107 wykonywanie 1 zabiegu w tygodniu przez miesi\u0105c, a nast\u0119pnie wykonywa\u0107 1 zabieg miesi\u0119cznie.<\/p>\n<p><b>Metoda iniekcji \u015br\u00f3dsk\u00f3rnej:<\/b>&nbsp;miejsce wk\u0142ucia musi by\u0107 sterylne; wprowadzi\u0107 ig\u0142\u0119 na g\u0142\u0119boko\u015b\u0107 1-3 mm i wstrzykn\u0105\u0107 0,2-0,3 ml preparatu w zmienion\u0105 tkank\u0119.<\/p>\n<p><b>Metoda iniekcji tunelowej:<\/b>&nbsp;miejsce wk\u0142ucia musi by\u0107 sterylne; wprowadzi\u0107 ig\u0142\u0119 pod sk\u00f3r\u0119 na ca\u0142\u0105 d\u0142ugo\u015b\u0107; podawa\u0107 preparat w trakcie wycofywania strzykawki, delikatnie poruszaj\u0105c ig\u0142\u0105 w prawo i lewo pod zmarszczk\u0105; wstrzykuje si\u0119 0,3 ml preparatu na zmarszczk\u0119.<\/p>\n<p>W tym celu zaleca si\u0119 wykorzystanie nast\u0119puj\u0105cych materia\u0142\u00f3w i przyrz\u0105d\u00f3w:<\/p>\n<p>Materia\u0142y do aseptycznego przygotowania powierzchni sk\u00f3ry: sterylne r\u0119kawiczki, roztw\u00f3r jodyny, roztw\u00f3r alkoholu, sterylne gaziki, chlorek etylu w aerozolu do sk\u00f3ry<\/p>\n<p>Ig\u0142y do mikroiniekcji: sterylne 27 G, 4 mm<\/p>\n<p>Ig\u0142y do iniekcji tunelowej: sterylne 30 G, 13 mm<\/p>\n<p>Strzykawki: rozmiar 5 lub 10 ml, w zale\u017cno\u015bci od obj\u0119to\u015bci roztworu do wstrzykni\u0119cia<\/p>\n<h2>Przeciwwskazania:<\/h2>\n<p>Brak zaobserwowanych przypadk\u00f3w nadwra\u017cliwo\u015bci na MD-TISSUE. Niemniej jednak, pacjenci, u kt\u00f3rych zaobserwowano nadwra\u017cliwo\u015b\u0107 na kt\u00f3rykolwiek ze sk\u0142adnik\u00f3w preparatu, powinni przed jego zastosowaniem zosta\u0107 poddani pr\u00f3bie uczuleniowej polegaj\u0105cej na punktowym wstrzykni\u0119ciu 0,1 ml preparatu w okolice przedramienia lub ramienia, a nast\u0119pnie powinni by\u0107 obserwowani przez 1 godzin\u0119.<\/p>\n<h2>\u015arodki ostro\u017cno\u015bci:<\/h2>\n<p>Niewielkie zaczerwienienie w okolicy wk\u0142ucia mo\u017ce wynika\u0107 z mechanicznego skutku wprowadzenia ig\u0142y lub z reakcji sk\u00f3ry.<\/p>\n<p>Podanie preparatu mo\u017ce wywo\u0142a\u0107 takie objawy jak pieczenie\/ b\u00f3l w miejscu iniekcji, kt\u00f3re ust\u0119puj\u0105 zwykle samoistnie w ci\u0105gu 5-10 minut po wykonanym zabiegu.<\/p>\n<p>Oczyszczenie i odka\u017cenie sk\u00f3ry s\u0105 konieczne przed i po podaniu preparatu. Bakterie saprofityczne mog\u0105 spowodowa\u0107 utworzenie si\u0119 ropnia w miejscu wk\u0142ucia.<\/p>\n<h2>Termin przydatno\u015bci i przechowywanie:<\/h2>\n<p>Chroni\u0107 przed oddzia\u0142ywaniem promieni s\u0142onecznych i zamarzaniem.<\/p>\n<p>Warunki przechowywania i u\u017cytkowania: 2-30\u00b0C<\/p>\n<p>PRZECHOWYWA\u0106 W MIEJSCU NIEDOST\u0118PNYM DLA DZIECI.<\/p>\n<p>Nie u\u017cywa\u0107 po up\u0142ywie terminu wa\u017cno\u015bci. Termin wa\u017cno\u015bci odnosi si\u0119 do produktu przechowywanego w prawid\u0142owych warunkach, w oryginalnym i nieuszkodzonym opakowaniu.<\/p>\n<p>Produkt nale\u017cy zu\u017cy\u0107 bezpo\u015brednio po otwarciu.<\/p>\n<p><b>Ingredients (INCI):<\/b><\/p>\n<p>Ascorbic Acid, Magnesium Gluconate, Pyridoxine Hydrochloride, Riboflavin, Thiamine hydrochloride, NaCl, woda do wstrzykni\u0119\u0107.<\/p>\n<p><b>Opakowanie: 2 ml<\/b><\/p>\n<p><b>Producent: GUNA &#8211; Ambra Group<\/b><\/p>\n<\/section><\/div>\n<\/section>\n","protected":false},"excerpt":{"rendered":"<p>\u2b50 Zachowaj m\u0142odo\u015b\u0107 i zdrowie swojej sk\u00f3ry z MD-TISSUE GUNA \u2013 zaawansowanym wyrobem medycznym stworzonym, aby skutecznie zapobiega\u0107 starzeniu si\u0119 tkanki \u0142\u0105cznej i poprawia\u0107 jej kondycj\u0119 \u2b50 \u27a1\ufe0f Dlaczego warto wybra\u0107 MD-TISSUE? Kolagen &#8211; G\u0142\u00f3wny sk\u0142adnik wspiera naturalne w\u0142\u00f3kna kolagenowe, zapewniaj\u0105c sk\u00f3rze spr\u0119\u017cysto\u015b\u0107 i nawil\u017cenie. Innowacyjne dzia\u0142anie &#8211; Produkt dzia\u0142a jak bariera przeciw wolnym rodnikom, [&hellip;]<\/p>\n","protected":false},"featured_media":926,"comment_status":"open","ping_status":"closed","template":"","meta":[],"product_brand":[],"product_cat":[138],"product_tag":[],"class_list":{"0":"post-932","1":"product","2":"type-product","3":"status-publish","4":"has-post-thumbnail","6":"product_cat-kolagen","8":"first","9":"instock","10":"taxable","11":"shipping-taxable","12":"purchasable","13":"product-type-simple"},"_links":{"self":[{"href":"https:\/\/walkomed.pl\/sklep\/wp-json\/wp\/v2\/product\/932","targetHints":{"allow":["GET"]}}],"collection":[{"href":"https:\/\/walkomed.pl\/sklep\/wp-json\/wp\/v2\/product"}],"about":[{"href":"https:\/\/walkomed.pl\/sklep\/wp-json\/wp\/v2\/types\/product"}],"replies":[{"embeddable":true,"href":"https:\/\/walkomed.pl\/sklep\/wp-json\/wp\/v2\/comments?post=932"}],"wp:featuredmedia":[{"embeddable":true,"href":"https:\/\/walkomed.pl\/sklep\/wp-json\/wp\/v2\/media\/926"}],"wp:attachment":[{"href":"https:\/\/walkomed.pl\/sklep\/wp-json\/wp\/v2\/media?parent=932"}],"wp:term":[{"taxonomy":"product_brand","embeddable":true,"href":"https:\/\/walkomed.pl\/sklep\/wp-json\/wp\/v2\/product_brand?post=932"},{"taxonomy":"product_cat","embeddable":true,"href":"https:\/\/walkomed.pl\/sklep\/wp-json\/wp\/v2\/product_cat?post=932"},{"taxonomy":"product_tag","embeddable":true,"href":"https:\/\/walkomed.pl\/sklep\/wp-json\/wp\/v2\/product_tag?post=932"}],"curies":[{"name":"wp","href":"https:\/\/api.w.org\/{rel}","templated":true}]}}