{"id":858,"date":"2025-02-25T13:13:09","date_gmt":"2025-02-25T12:13:09","guid":{"rendered":"https:\/\/walkomed.pl\/sklep\/produkt\/md-matrix-guna-tropokolagen-na-cellulit-lipoliza-mezoterapia-ampulka-10x2ml\/"},"modified":"2025-03-17T10:57:09","modified_gmt":"2025-03-17T09:57:09","slug":"md-matrix-guna-tropokolagen-na-cellulit-lipoliza-mezoterapia-ampulka-10x2ml","status":"publish","type":"product","link":"https:\/\/walkomed.pl\/sklep\/produkt\/md-matrix-guna-tropokolagen-na-cellulit-lipoliza-mezoterapia-ampulka-10x2ml\/","title":{"rendered":"MD MATRIX GUNA TROPOKOLAGEN na cellulit lipoliza mezoterapia ampu\u0142ka 10x2ml"},"content":{"rendered":"<section class=\"section\">\n<div class=\"item item-12\">\n<section class=\"text-item\">\n<h2>\u2b50 MD-MATRIX GUNA \u2013 specjalistyczny produkt stworzony do intensywnej walki z cellulitem, &#8222;sk\u00f3rk\u0105 pomara\u0144czow\u0105&#8221; oraz do bezpiecznego usuwania lokalnych nadmiar\u00f3w tkanki t\u0142uszczowej. Dzi\u0119ki zaawansowanej formule, MD-MATRIX przyspiesza metabolizm tkankowy i przywraca j\u0119drno\u015b\u0107 sk\u00f3ry&nbsp;\u2b50<\/h2>\n<\/section><\/div>\n<\/section>\n<section class=\"section\">\n<div class=\"item item-6\">\n<section class=\"image-item\"><img decoding=\"async\" src=\"https:\/\/upload.cdn.baselinker.com\/products\/3016871\/892f2eb25fb5013a3d0aa3f1690b2479.jpg\"><\/section>\n<\/p><\/div>\n<div class=\"item item-6\">\n<section class=\"text-item\">\n<h1>\u27a1\ufe0f Korzy\u015bci stosowania MD-MATRIX:<\/h1>\n<p><b>Regeneracja i uj\u0119drnienie<\/b> \u2013 MD-MATRIX przywraca naturaln\u0105 struktur\u0119 kolagenow\u0105 tkanki \u0142\u0105cznej, co prowadzi do uj\u0119drnienia sk\u00f3ry i poprawy jej elastyczno\u015bci.<\/p>\n<p><b>Stymulacja metabolizmu<\/b> \u2013 Zawarty w preparacie kwas cytrynowy aktywuje metabolizm kom\u00f3rkowy, wspomagaj\u0105c produkcj\u0119 ATP i sprzyjaj\u0105c regeneracji tkanek.<\/p>\n<p><b>Poprawa dotlenienia<\/b> \u2013 Nikotynamid, b\u0119d\u0105cy silnym antyoksydantem, wspiera dotlenienie tkanek, co przyspiesza ich regeneracj\u0119 i poprawia wygl\u0105d sk\u00f3ry.<\/p>\n<p><b>Przyspieszenie metabolizmu tkankowego<\/b> \u2013 Substancje aktywne zawarte w MD-MATRIX przyspieszaj\u0105 procesy metaboliczne w adipocytach, prowadz\u0105c do szybszego spalania t\u0142uszczu i odbudowy lokalnej struktury tkanki \u0142\u0105cznej.<\/p>\n<p>Aukcja dotyczy 10 ampu\u0142ek po 2 ml.<\/p>\n<\/section><\/div>\n<\/section>\n<section class=\"section\">\n<div class=\"item item-6\">\n<section class=\"text-item\">\n<p><b>Zastosowanie:<\/b><\/p>\n<p>MD-MATRIX to wszechstronny produkt idealny do:<\/p>\n<p><b>Likwidacji &#8222;sk\u00f3rki pomara\u0144czowej&#8221; i redukcji cellulitu<\/b> \u2013 Skutecznie zmniejsza widoczno\u015b\u0107 cellulitu, przywracaj\u0105c sk\u00f3rze g\u0142adko\u015b\u0107 i j\u0119drno\u015b\u0107.<\/p>\n<p><b>Uj\u0119drniania i regeneracji podsk\u00f3rnej warstwy tkanki \u0142\u0105cznej<\/b> \u2013 Wspiera odbudow\u0119 naturalnych w\u0142\u00f3kien kolagenowych, co przyczynia si\u0119 do poprawy struktury sk\u00f3ry.<\/p>\n<p><b>Bezpiecznego modelowania sylwetki<\/b> \u2013 Efektywnie usuwa lokalne nadmiary tkanki t\u0142uszczowej, pomagaj\u0105c w modelowaniu takich obszar\u00f3w jak podbr\u00f3dek, p\u0119pek, czy okolice nad kolanami.<\/p>\n<p><b>Poprawy wygl\u0105du i kondycji sk\u00f3ry w obszarach podatnych na cellulit<\/b> \u2013 Dzia\u0142a efektywnie w miejscach, gdzie sk\u00f3ra jest najbardziej nara\u017cona na cellulit.<\/p>\n<\/section><\/div>\n<div class=\"item item-6\">\n<section class=\"image-item\"><img decoding=\"async\" src=\"https:\/\/upload.cdn.baselinker.com\/products\/3016871\/9f1735ef7cd1d67e965f189caa7cfe33.jpg\"><\/section>\n<\/p><\/div>\n<\/section>\n<section class=\"section\">\n<div class=\"item item-6\">\n<section class=\"image-item\"><img decoding=\"async\" src=\"https:\/\/upload.cdn.baselinker.com\/products\/3016871\/501f45a3a36badcd06c7b4edba47cd38.jpg\"><\/section>\n<\/p><\/div>\n<div class=\"item item-6\">\n<section class=\"text-item\">\n<p><b>Obszary stosowania:<\/b><\/p>\n<ul>\n<li>Wewn\u0119trzna strona kolana<\/li>\n<li>Brzuch<\/li>\n<li>Po\u015bladki<\/li>\n<li>Uda<\/li>\n<li>Okolice pod piersiami<\/li>\n<li>Ramiona<\/li>\n<li>Okolica nad kolanami<\/li>\n<li>Podbr\u00f3dek<\/li>\n<li>P\u0119pek<\/li>\n<\/ul>\n<p><b>Sk\u0142ad:<\/b><\/p>\n<ul>\n<li><b>Kolagen<\/b> \u2013 Odbudowuje w\u0142\u00f3kna kolagenowe, uj\u0119drniaj\u0105c i regeneruj\u0105c sk\u00f3r\u0119.<\/li>\n<li><b>Kwas cytrynowy<\/b> \u2013 Aktywuje metabolizm kom\u00f3rkowy, wspieraj\u0105c regeneracj\u0119 tkanek.<\/li>\n<li><b>Nikotynamid<\/b> \u2013 Poprawia dotlenienie tkanek, dzia\u0142aj\u0105c antyoksydacyjnie.<\/li>\n<\/ul>\n<\/section><\/div>\n<\/section>\n<section class=\"section\">\n<div class=\"item item-6\">\n<section class=\"text-item\">\n<p><b>MD-MATRIXJEST WYROBEM MEDYCZNYM. U\u017bYWAJ GO ZGODNIE Z INSTRUKCJ\u0104 LUB ETYKIET\u0104.<\/b><\/p>\n<p><b>Produkt do stosowania wy\u0142\u0105cznie przez wykwalifikowany personel medyczny. Przed u\u017cyciem zapoznaj si\u0119 z informacj\u0105 u\u017cywania wyrobu medycznego i skonsultuj si\u0119\u00a0<\/b><b>z lekarzem.<\/b><\/p>\n<p><b>Produkt mo\u017ce by\u0107 stosowany<\/b>\u00a0<b>wy\u0142\u0105cznie<\/b>\u00a0<b>przez profesjonalist\u00f3w.<\/b><\/p>\n<p><b>Dokonuj\u0105c zakupu o\u015bwiadczasz, \u017ce jeste\u015b lekarzem lub kosmetologiem przeszkolonym z zakresu medycyny estetycznej.<\/b><\/p>\n<\/section><\/div>\n<div class=\"item item-6\">\n<section class=\"image-item\"><img decoding=\"async\" src=\"https:\/\/upload.cdn.baselinker.com\/products\/3016871\/6f956f2103063a2cd87c6cba4a71f7d8.jpg\"><\/section>\n<\/p><\/div>\n<\/section>\n<section class=\"section\">\n<div class=\"item item-12\">\n<section class=\"text-item\">\n<p><b>SPOS\u00d3B U\u017bYCIA<\/b><\/p>\n<p>Protok\u00f3\u0142 leczenia: 2 zabiegi w tygodniu przez pierwsze 2 tygodnie; 1 zabieg w tygodniu do momentu z\u0142agodzenia objaw\u00f3w (\u015brednio 8-10 sesji). Mo\u017cna kontynuowa\u0107 leczenie wykonuj\u0105c 1 zabieg co tydzie\u0144, nie d\u0142u\u017cej jednak ni\u017c przez 10 tygodni. W przewlek\u0142ych stanach patologicznych nale\u017cy kontynuowa\u0107 wykonywanie 1 zabiegu w tygodniu przez miesi\u0105c, a nast\u0119pnie wykonywa\u0107 1 zabieg miesi\u0119cznie.<\/p>\n<p><b>Metoda iniekcji \u015br\u00f3dsk\u00f3rnej i podsk\u00f3rnej<\/b>: miejsce wk\u0142ucia musi by\u0107 sterylne; wprowadzi\u0107 ig\u0142\u0119 na g\u0142\u0119boko\u015b\u0107 1-3 mm i wstrzykn\u0105\u0107 0,2-0,3 ml preparatu w zmienion\u0105 tkank\u0119.<\/p>\n<p><b>Metoda iniekcji oko\u0142ostawowej<\/b>: miejsce wk\u0142ucia musi by\u0107 sterylne; wprowadzi\u0107 ig\u0142\u0119 w pobli\u017cu stawu na wymagan\u0105 g\u0142\u0119boko\u015b\u0107<\/p>\n<p>W tym celu zaleca si\u0119 wykorzystanie nast\u0119puj\u0105cych materia\u0142\u00f3w i przyrz\u0105d\u00f3w:<\/p>\n<p>Materia\u0142y do aseptycznego przygotowania powierzchni sk\u00f3ry: sterylne r\u0119kawiczki, roztw\u00f3r jodyny, roztw\u00f3r alkoholu, sterylne gaziki, chlorek etylu w aerozolu do sk\u00f3ry<\/p>\n<p>Ig\u0142y: sterylne 27 G, 4 mm<\/p>\n<p>Strzykawki: rozmiar 5 lub 10 ml, w zale\u017cno\u015bci od obj\u0119to\u015bci roztworu do wstrzykni\u0119cia<\/p>\n<p><b>PRZECIWWSKAZANIA<\/b><\/p>\n<p>Brak zaobserwowanych przypadk\u00f3w nadwra\u017cliwo\u015bci na MD-MATRIX. Niemniej jednak, pacjenci, u kt\u00f3rych zaobserwowano nadwra\u017cliwo\u015b\u0107 na kt\u00f3rykolwiek ze sk\u0142adnik\u00f3w preparatu, powinni przed jego zastosowaniem zosta\u0107 poddani pr\u00f3bie uczuleniowej polegaj\u0105cej na punktowym wstrzykni\u0119ciu 0,1 ml preparatu w okolice przedramienia lub ramienia, a nast\u0119pnie powinni by\u0107 obserwowani przez 1 godzin\u0119.<\/p>\n<p><b>OSTRZE\u017bENIA I \u015aRODKI OSTRO\u017bNO\u015aCI<\/b><\/p>\n<p>Niewielkie zaczerwienienie w okolicy wk\u0142ucia mo\u017ce wynika\u0107 z mechanicznego skutku wprowadzenia ig\u0142y lub z reakcji sk\u00f3ry.<\/p>\n<p>Podanie preparatu mo\u017ce wywo\u0142a\u0107 takie objawy jak pieczenie\/ b\u00f3l w miejscu iniekcji, kt\u00f3re ust\u0119puj\u0105 zwykle samoistnie w ci\u0105gu 5-10 minut po wykonanym zabiegu.<\/p>\n<p>Oczyszczenie i odka\u017cenie sk\u00f3ry s\u0105 konieczne przed i po podaniu preparatu. Bakterie saprofityczne mog\u0105 spowodowa\u0107 utworzenie si\u0119 ropnia w miejscu wk\u0142ucia.<\/p>\n<p><b>TERMIN PRZYDATNO\u015aCI I PRZECHOWYWANIE<\/b><\/p>\n<p>Chroni\u0107 przed oddzia\u0142ywaniem promieni s\u0142onecznych i zamarzaniem.<\/p>\n<p>Warunki przechowywania i u\u017cytkowania: 2-30\u00b0C<\/p>\n<p>PRZECHOWYWA\u0106 W MIEJSCU NIEDOST\u0118PNYM DLA DZIECI.<\/p>\n<p>Nie u\u017cywa\u0107 po up\u0142ywie terminu wa\u017cno\u015bci. Termin wa\u017cno\u015bci odnosi si\u0119 do produktu przechowywanego w prawid\u0142owych warunkach, w oryginalnym i nieuszkodzonym opakowaniu.<\/p>\n<p>Produkt nale\u017cy zu\u017cy\u0107 bezpo\u015brednio po otwarciu.<\/p>\n<p><b>Opakowanie: 2 ml x 10<\/b><\/p>\n<p><b>Producent: GUNA &#8211; Ambra Group<\/b><\/p>\n<\/section><\/div>\n<\/section>\n","protected":false},"excerpt":{"rendered":"<p>\u2b50 MD-MATRIX GUNA \u2013 specjalistyczny produkt stworzony do intensywnej walki z cellulitem, &#8222;sk\u00f3rk\u0105 pomara\u0144czow\u0105&#8221; oraz do bezpiecznego usuwania lokalnych nadmiar\u00f3w tkanki t\u0142uszczowej. Dzi\u0119ki zaawansowanej formule, MD-MATRIX przyspiesza metabolizm tkankowy i przywraca j\u0119drno\u015b\u0107 sk\u00f3ry&nbsp;\u2b50 \u27a1\ufe0f Korzy\u015bci stosowania MD-MATRIX: Regeneracja i uj\u0119drnienie \u2013 MD-MATRIX przywraca naturaln\u0105 struktur\u0119 kolagenow\u0105 tkanki \u0142\u0105cznej, co prowadzi do uj\u0119drnienia sk\u00f3ry i poprawy [&hellip;]<\/p>\n","protected":false},"featured_media":952,"comment_status":"open","ping_status":"closed","template":"","meta":[],"product_brand":[],"product_cat":[138],"product_tag":[],"class_list":{"0":"post-858","1":"product","2":"type-product","3":"status-publish","4":"has-post-thumbnail","6":"product_cat-kolagen","8":"first","9":"instock","10":"taxable","11":"shipping-taxable","12":"purchasable","13":"product-type-simple"},"_links":{"self":[{"href":"https:\/\/walkomed.pl\/sklep\/wp-json\/wp\/v2\/product\/858","targetHints":{"allow":["GET"]}}],"collection":[{"href":"https:\/\/walkomed.pl\/sklep\/wp-json\/wp\/v2\/product"}],"about":[{"href":"https:\/\/walkomed.pl\/sklep\/wp-json\/wp\/v2\/types\/product"}],"replies":[{"embeddable":true,"href":"https:\/\/walkomed.pl\/sklep\/wp-json\/wp\/v2\/comments?post=858"}],"wp:featuredmedia":[{"embeddable":true,"href":"https:\/\/walkomed.pl\/sklep\/wp-json\/wp\/v2\/media\/952"}],"wp:attachment":[{"href":"https:\/\/walkomed.pl\/sklep\/wp-json\/wp\/v2\/media?parent=858"}],"wp:term":[{"taxonomy":"product_brand","embeddable":true,"href":"https:\/\/walkomed.pl\/sklep\/wp-json\/wp\/v2\/product_brand?post=858"},{"taxonomy":"product_cat","embeddable":true,"href":"https:\/\/walkomed.pl\/sklep\/wp-json\/wp\/v2\/product_cat?post=858"},{"taxonomy":"product_tag","embeddable":true,"href":"https:\/\/walkomed.pl\/sklep\/wp-json\/wp\/v2\/product_tag?post=858"}],"curies":[{"name":"wp","href":"https:\/\/api.w.org\/{rel}","templated":true}]}}