{"id":1100,"date":"2025-03-04T20:45:45","date_gmt":"2025-03-04T19:45:45","guid":{"rendered":"https:\/\/walkomed.pl\/sklep\/produkt\/md-ischial-guna-tropokolagen-stawy-kregoslup-plecy-mezoterapia-ampulka-2ml\/"},"modified":"2025-07-02T10:32:18","modified_gmt":"2025-07-02T08:32:18","slug":"md-ischial-guna-tropokolagen-stawy-kregoslup-plecy-mezoterapia-ampulka-2ml","status":"publish","type":"product","link":"https:\/\/walkomed.pl\/sklep\/produkt\/md-ischial-guna-tropokolagen-stawy-kregoslup-plecy-mezoterapia-ampulka-2ml\/","title":{"rendered":"MD ISCHIAL GUNA TROPOKOLAGEN stawy kr\u0119gos\u0142up plecy mezoterapia ampu\u0142ka 2ml"},"content":{"rendered":"<section class=\"section\">\n<div class=\"item item-6\">\n<section class=\"image-item\"><img decoding=\"async\" src=\"https:\/\/upload.cdn.baselinker.com\/products\/3016871\/2a80dbcacb0f3db0646e063759cc616d.jpg\" \/><\/section>\n<\/p><\/div>\n<div class=\"item item-6\">\n<section class=\"text-item\">\n<p><b>MD-ISCHIAL <\/b>jest wyrobem medycznym poprawiaj\u0105cym zakres ruchu, w szczeg\u00f3lno\u015bci w okolicy PLEC\u00d3W DOLNEGO ODCINKU KR\u0118GOS\u0141UPA.<\/p>\n<p>Aukcja dotyczy jednej ampu\u0142ki preparatu.<\/p>\n<p>MD-ISCHIAL zalecany do stosowania przez wykwalifikowanych pracownik\u00f3w w celu:<\/p>\n<ul>\n<li><b>U\u0142atwienia poruszania nogami<\/b><\/li>\n<li><b>Wspomagania rozci\u0105gania mi\u0119\u015bni n\u00f3g<\/b><\/li>\n<li><b>Wsparcia utrzymania masy mi\u0119\u015bniowej n\u00f3g<\/b><\/li>\n<li><b>Z\u0142agodzenia b\u00f3lu mi\u0119\u015bni przy rozpoczynaniu poruszania nogami po d\u0142ugim czasie bezruchu<\/b><\/li>\n<\/ul>\n<h2>Wskazania<\/h2>\n<p>MD-ISCHIAL mo\u017ce by\u0107 stosowany niezale\u017cnie lub w po\u0142\u0105czeniu z innymi wyrobami medycznymi z tej samej serii, w celu dostosowania leczenia do sytuacji klinicznej.<\/p>\n<p>Je\u015bli niezb\u0119dne jest leczenie podtrzymuj\u0105ce w ostrych dolegliwo\u015bciach b\u00f3lowych, preparat MD-ISCHIAL mo\u017ce by\u0107 podawany w skojarzeniu z preparatami MD-NEURAL, MD-POLY oraz MD-MUSCLE (jednocze\u015bnie z jednym lub kilkoma z nich). Ponadto, je\u015bli konieczne jest wsparcie macierzy tkanki \u0142\u0105cznej lub kiedy d\u0105\u017cy si\u0119 do spowolnienia fizjologicznego procesu starzenia, produkt MD-ISCHIAL mo\u017cna podawa\u0107 w skojarzeniu z preparatami MD-MATRIX i MD-TISSUE.<\/p>\n<p><b>Produkt mo\u017ce by\u0107 r\u00f3wnie\u017c stosowany jako wsparcie mechaniczne w leczeniu nast\u0119puj\u0105cych chor\u00f3b:<\/b><\/p>\n<ul>\n<li>B\u00f3l spowodowany rw\u0105 kulszow\u0105<\/li>\n<li>B\u00f3l okolicy l\u0119d\u017awiowo-kulszowej (w skojarzeniu z preparatem MD-LUMBAR i MD-NEURAL)<\/li>\n<li>B\u00f3l neurogenny w l\u0119d\u017awiowym odcinku kr\u0119gos\u0142upa (w skojarzeniu z preparatem MD-MUSCLE)<\/li>\n<li>B\u00f3l w nodze o pod\u0142o\u017cu neurogennym po operacyjnym leczeniu przepukliny kr\u0105\u017cka mi\u0119dzykr\u0119gowego w odcinku L4-L5, L5-S1Nerwiak Mortona (w skojarzeniu z preparatem MD-NEURAL).<\/li>\n<\/ul>\n<p>Schemat podawania mo\u017ce by\u0107 r\u00f3\u017cny, w zale\u017cno\u015bci od potrzeb indywidualnych.<\/p>\n<h2>Spos\u00f3b u\u017cycia<\/h2>\n<p>Protok\u00f3\u0142 leczenia: 1 zabieg raz w tygodniu przez 10 tygodni.<\/p>\n<p><b>Metoda iniekcji oko\u0142ostawowej:<\/b>\u00a0(miejsce wk\u0142ucia musi by\u0107 sterylne; wprowadzi\u0107 ig\u0142\u0119 w pobli\u017cu stawu krzy\u017cowo-biodrowego na g\u0142\u0119boko\u015b\u0107 2-4 mm).<\/p>\n<p>W tym celu zaleca si\u0119 wykorzystanie nast\u0119puj\u0105cych materia\u0142\u00f3w i przyrz\u0105d\u00f3w:<\/p>\n<p>Materia\u0142y do aseptycznego przygotowania powierzchni sk\u00f3ry: sterylne r\u0119kawiczki, roztw\u00f3r jodyny, roztw\u00f3r alkoholu, sterylne gaziki, chlorek etylu w aerozolu do sk\u00f3ry<\/p>\n<p>Ig\u0142y: sterylne 27 G<\/p>\n<p>Strzykawki: rozmiar 5 lub 10 ml, w zale\u017cno\u015bci od obj\u0119to\u015bci roztworu do wstrzykni\u0119cia<\/p>\n<\/section><\/div>\n<\/section>\n<section class=\"section\">\n<div class=\"item item-12\">\n<section class=\"text-item\">\n<h2>Przeciwwskazania<\/h2>\n<p>Brak zaobserwowanych przypadk\u00f3w nadwra\u017cliwo\u015bci na MD-ISCHIAL. Niemniej jednak, pacjenci, u kt\u00f3rych zaobserwowano nadwra\u017cliwo\u015b\u0107 na kt\u00f3rykolwiek ze sk\u0142adnik\u00f3w preparatu, powinni przed jego zastosowaniem zosta\u0107 poddani pr\u00f3bie uczuleniowej polegaj\u0105cej na punktowym wstrzykni\u0119ciu 0,1 ml preparatu w okolice przedramienia lub ramienia, a nast\u0119pnie powinni by\u0107 obserwowani przez 1 godzin\u0119.<\/p>\n<h2>Ostrze\u017cenia<\/h2>\n<p>To jest wyr\u00f3b medyczny. U\u017cywaj go zgodnie z instrukcj\u0105 u\u017cywania lub etykiet\u0105.<\/p>\n<p>Rwa kulszowa wymaga diagnostyki r\u00f3\u017cnicowej w celu wykrycia ewentualnego wt\u00f3rnego b\u00f3lu pochodzenia mi\u0119\u015bniowego, pe\u0142noobjawowej przepukliny kr\u0105\u017cka miedzykr\u0119gowego, zw\u0119\u017cenia kana\u0142u kr\u0119gowego, zespo\u0142u ko\u0144skiego ogona (Cauda equina).<\/p>\n<p>Niewielkie zaczerwienienie w okolicy wk\u0142ucia mo\u017ce wynika\u0107 z mechanicznego skutku wprowadzenia ig\u0142y lub z reakcji sk\u00f3ry.<\/p>\n<p>Podanie preparatu mo\u017ce wywo\u0142a\u0107 takie objawy jak pieczenie\/ b\u00f3l w miejscu iniekcji, kt\u00f3re ust\u0119puj\u0105 zwykle samoistnie w ci\u0105gu 5-10 minut po wykonanym zabiegu.<\/p>\n<p>Oczyszczenie i odka\u017cenie sk\u00f3ry s\u0105 konieczne przed i po podaniu preparatu. Bakterie saprofityczne mog\u0105 spowodowa\u0107 utworzenie si\u0119 ropnia w miejscu wk\u0142ucia.<\/p>\n<h2>Przechowywanie<\/h2>\n<p>Chroni\u0107 przed oddzia\u0142ywaniem promieni s\u0142onecznych i zamarzaniem.<\/p>\n<p>Warunki przechowywania i u\u017cytkowania: 2-30\u00b0C<\/p>\n<p>PRZECHOWYWA\u0106 W MIEJSCU NIEDOST\u0118PNYM DLA DZIECI.<\/p>\n<p>Nie u\u017cywa\u0107 po up\u0142ywie terminu wa\u017cno\u015bci. Termin wa\u017cno\u015bci odnosi si\u0119 do produktu przechowywanego w prawid\u0142owych warunkach, w oryginalnym i nieuszkodzonym opakowaniu.<\/p>\n<p>Produkt nale\u017cy zu\u017cy\u0107 bezpo\u015brednio po otwarciu.<\/p>\n<h2>Sk\u0142adniki<\/h2>\n<p>Kolagen; substancje pomocnicze: rododendron,\u00a0NaCl, woda do iniekcji.<\/p>\n<\/section><\/div>\n<\/section>\n<section class=\"section\">\n<div class=\"item item-12\">\n<section class=\"image-item\"><img decoding=\"async\" src=\"https:\/\/upload.cdn.baselinker.com\/products\/3016871\/92192bd1ccb5964613c0b43a71139887.jpg\" \/><\/section>\n<\/p><\/div>\n<\/section>\n","protected":false},"excerpt":{"rendered":"<p>MD-ISCHIAL jest wyrobem medycznym poprawiaj\u0105cym zakres ruchu, w szczeg\u00f3lno\u015bci w okolicy PLEC\u00d3W DOLNEGO ODCINKU KR\u0118GOS\u0141UPA. Aukcja dotyczy jednej ampu\u0142ki preparatu. MD-ISCHIAL zalecany do stosowania przez wykwalifikowanych pracownik\u00f3w w celu: U\u0142atwienia poruszania nogami Wspomagania rozci\u0105gania mi\u0119\u015bni n\u00f3g Wsparcia utrzymania masy mi\u0119\u015bniowej n\u00f3g Z\u0142agodzenia b\u00f3lu mi\u0119\u015bni przy rozpoczynaniu poruszania nogami po d\u0142ugim czasie bezruchu Wskazania MD-ISCHIAL mo\u017ce [&hellip;]<\/p>\n","protected":false},"featured_media":1098,"comment_status":"open","ping_status":"closed","template":"","meta":[],"product_brand":[],"product_cat":[138],"product_tag":[],"class_list":{"0":"post-1100","1":"product","2":"type-product","3":"status-publish","4":"has-post-thumbnail","6":"product_cat-kolagen","8":"first","9":"outofstock","10":"taxable","11":"shipping-taxable","12":"purchasable","13":"product-type-simple"},"_links":{"self":[{"href":"https:\/\/walkomed.pl\/sklep\/wp-json\/wp\/v2\/product\/1100","targetHints":{"allow":["GET"]}}],"collection":[{"href":"https:\/\/walkomed.pl\/sklep\/wp-json\/wp\/v2\/product"}],"about":[{"href":"https:\/\/walkomed.pl\/sklep\/wp-json\/wp\/v2\/types\/product"}],"replies":[{"embeddable":true,"href":"https:\/\/walkomed.pl\/sklep\/wp-json\/wp\/v2\/comments?post=1100"}],"wp:featuredmedia":[{"embeddable":true,"href":"https:\/\/walkomed.pl\/sklep\/wp-json\/wp\/v2\/media\/1098"}],"wp:attachment":[{"href":"https:\/\/walkomed.pl\/sklep\/wp-json\/wp\/v2\/media?parent=1100"}],"wp:term":[{"taxonomy":"product_brand","embeddable":true,"href":"https:\/\/walkomed.pl\/sklep\/wp-json\/wp\/v2\/product_brand?post=1100"},{"taxonomy":"product_cat","embeddable":true,"href":"https:\/\/walkomed.pl\/sklep\/wp-json\/wp\/v2\/product_cat?post=1100"},{"taxonomy":"product_tag","embeddable":true,"href":"https:\/\/walkomed.pl\/sklep\/wp-json\/wp\/v2\/product_tag?post=1100"}],"curies":[{"name":"wp","href":"https:\/\/api.w.org\/{rel}","templated":true}]}}