{"id":1031,"date":"2025-02-25T14:03:50","date_gmt":"2025-02-25T13:03:50","guid":{"rendered":"https:\/\/walkomed.pl\/sklep\/produkt\/md-hip-guna-tropokolagen-na-stawy-miesnie-biodro-mezoterapia-ampulka-2ml\/"},"modified":"2025-07-27T21:23:35","modified_gmt":"2025-07-27T19:23:35","slug":"md-hip-guna-tropokolagen-na-stawy-miesnie-biodro-mezoterapia-ampulka-2ml","status":"publish","type":"product","link":"https:\/\/walkomed.pl\/sklep\/produkt\/md-hip-guna-tropokolagen-na-stawy-miesnie-biodro-mezoterapia-ampulka-2ml\/","title":{"rendered":"MD HIP GUNA TROPOKOLAGEN na stawy mi\u0119\u015bnie biodro mezoterapia ampu\u0142ka 2ml"},"content":{"rendered":"<section class=\"section\">\n<div class=\"item item-6\">\n<section class=\"image-item\"><img decoding=\"async\" src=\"https:\/\/upload.cdn.baselinker.com\/products\/3016871\/7a71634e8b4e2aa4083b9584d6dde3a2.jpg\" \/><\/section>\n<\/p><\/div>\n<div class=\"item item-6\">\n<section class=\"text-item\">\n<p><b>MD-HIP<\/b>&nbsp;Roztw\u00f3r do wstrzykiwa\u0144 wyr\u00f3b medyczny do podawania dostawowego przez lekarza. Produkt zawiera kolagen pochodzenia wieprzowego. Poprawia ruchomo\u015b\u0107 stawu biodrowego.<\/p>\n<p>Aukcja dotyczy jednej ampu\u0142ki preparatu.<\/p>\n<h2>Wskazania<\/h2>\n<p>MD-HIP mo\u017ce by\u0107 stosowany samodzielnie lub w po\u0142\u0105czeniu z innymi wyrobami medycznymi z tej samej linii, aby odpowiednio dostosowa\u0107 leczenie, w zale\u017cno\u015bci od sytuacji klinicznej.<\/p>\n<p>W przypadku ostrego b\u00f3lu, gdy niezb\u0119dne jest leczenie wspomagaj\u0105ce, MD-HIP mo\u017ce by\u0107 podawany w po\u0142\u0105czeniu z MD-NEURAL, MP-POLY i MD-MUSCLE (z jednym lub kilkoma z nich).<\/p>\n<p>Ponadto, je\u017celi wymagane jest leczenie wzmacniaj\u0105ce macierz tkanki \u0142\u0105cznej lub gdy niezb\u0119dne jest spowolnienie fizjologicznych proces\u00f3w starzenia, MD-HIP mo\u017ce by\u0107 \u0142\u0105czone z MD-MATRIX i MD-TISSUE.<\/p>\n<p>Produkt mo\u017ce by\u0107 r\u00f3wnie\u017c stosowany jako wsparcie mechaniczne w leczeniu nast\u0119puj\u0105cych chor\u00f3b:<\/p>\n<ul>\n<li>choroba zwyrodnieniowa stawu biodrowego<\/li>\n<li>zapalenie torebki stawowej stawu biodrowego<\/li>\n<li>choroba zwyrodnieniowa stawu biodrowego wywo\u0142ana reumatoidalnym zapaleniem stawu (w po\u0142\u0105czeni z MD-POLY)<\/li>\n<li>b\u00f3l stawu biodrowego pochodzenia mi\u0119\u015bniowego (w po\u0142\u0105czeniu z MD-MUSCLE)<\/li>\n<li>b\u00f3l stawu biodrowego pochodzenia nerwowego (piek\u0105cy b\u00f3l w biodrze, w po\u0142\u0105czeniu z MD-NEURAL)<\/li>\n<li>b\u00f3l stawu biodrowego wynikaj\u0105cy z d\u0142ugotrwa\u0142ego le\u017cenia w \u0142\u00f3\u017cku<\/li>\n<\/ul>\n<h2>Dzia\u0142anie<\/h2>\n<p>MD-HIP jest wyrobem medycznym maj\u0105cym za zadanie usprawni\u0107 ruchy, przyczyniaj\u0105c si\u0119 do ograniczenia fizjologicznego procesu degeneracji staw\u00f3w i tkanek oraz do zr\u00f3wnowa\u017cenia uszkodze\u0144 spowodowanych przez:<\/p>\n<ul>\n<li>starzenie si\u0119<\/li>\n<li>wady postawy<\/li>\n<li>przewlek\u0142e choroby towarzysz\u0105ce<\/li>\n<li>urazy i obra\u017cenia<\/li>\n<li>czynniki zanieczyszczaj\u0105ce<\/li>\n<\/ul>\n<p>MD-HIP jest wyrobem medycznym wp\u0142ywaj\u0105cym na popraw\u0119 ruchomo\u015bci stawu biodrowego. Jego podstawowe dzia\u0142anie terapeutyczne obejmuje nast\u0119puj\u0105ce funkcje:<\/p>\n<ul>\n<li>efekt bariery<\/li>\n<li>dzia\u0142anie smaruj\u0105ce<\/li>\n<li>wsparcie mechaniczne w przypadku stosowania terapii farmakologicznej<\/li>\n<\/ul>\n<p>Zaleca si\u0119 stosowanie MD-HIP przez wykwalifikowanych pracownik\u00f3w sektora opieki zdrowotnej, w publicznych i prywatnych zak\u0142adach opieki zdrowotnej, w celu:<\/p>\n<ul>\n<li>poprawy ruchomo\u015bci stawu biodrowego<\/li>\n<li>wspomagania rozci\u0105gni\u0119cia mi\u0119\u015bni obszaru krzy\u017cowo-l\u0119d\u017awiowego<\/li>\n<li>wsparcie oko\u0142ostawowej tkanki mi\u0119\u015bniowej<\/li>\n<li>\u0142agodzenie b\u00f3lu wywo\u0142anego ruchem w stawie lub nieprawid\u0142ow\u0105 postaw\u0105<\/li>\n<\/ul>\n<\/section><\/div>\n<\/section>\n<section class=\"section\">\n<div class=\"item item-12\">\n<section class=\"text-item\">\n<h2>Przeciwwskazania<\/h2>\n<ul>\n<li>Nie stosowa\u0107 w przypadku nadwra\u017cliwo\u015bci na kt\u00f3rykolwiek ze sk\u0142adnik\u00f3w.<\/li>\n<li>Nie stosowa\u0107 po up\u0142ywie terminu wa\u017cno\u015bci wyrobu medycznego.<\/li>\n<li>Nie u\u017cywa\u0107 je\u015bli zabezpieczenia jest naruszone lub fiolka nie jest ca\u0142kowicie szczelna.<\/li>\n<li>Nie stosowa\u0107 je\u015bli opakowanie jest uszkodzone.<\/li>\n<\/ul>\n<h2>Ostrze\u017cenia<\/h2>\n<ul>\n<li>To jest wyr\u00f3b medyczny. U\u017cywaj go zgodnie z instrukcj\u0105 u\u017cywania lub etykiet\u0105.<\/li>\n<li>Niewielkie zaczerwienienie w okolicy wk\u0142ucia mo\u017ce wynika\u0107 z mechanicznego skutku wprowadzania ig\u0142y lub z reakcji sk\u00f3ry.<\/li>\n<li>W trakcie aplikacji mog\u0105 pojawi\u0107 si\u0119 objawy pieczenia \/ b\u00f3lu w miejscu iniekcji, kt\u00f3re zwykle ust\u0119puj\u0105 spontanicznie w czasie 5-10 minut po zabiegu.<\/li>\n<li>Oczyszczenie sk\u00f3ry \/ dezynfekcja jest konieczna przed i po podaniu. Bakterie ropotw\u00f3rcze mog\u0105 spowodowa\u0107, \u017ce w okolicy wk\u0142ucia utworzy si\u0119 ropie\u0144.<\/li>\n<\/ul>\n<h2>Stosowanie<\/h2>\n<p>Protok\u00f3\u0142 leczenia<\/p>\n<p>1 zabieg raz w tygodniu przez 10 tygodni<\/p>\n<p>Metoda iniekcji oko\u0142ostawowej (miejsce wk\u0142ucia musi by\u0107 zdezynfekowane; wprowad\u017a ig\u0142\u0119 na g\u0142\u0119boko\u015b\u0107 6-8 mm).<\/p>\n<p>W tym celu zaleca si\u0119 wykorzystanie nast\u0119puj\u0105cych materia\u0142\u00f3w i przyrz\u0105d\u00f3w:<\/p>\n<ul>\n<li>materia\u0142y do antyseptycznego przygotowania powierzchni sk\u00f3ry: sterylne r\u0119kawiczki, roztw\u00f3r jodyny, roztw\u00f3r alkoholu, sterylne gaziki, chlorek etylu w sprayu do sk\u00f3ry<\/li>\n<li>ig\u0142y: sterylne 27 G<\/li>\n<li>strzykawki: rozmiar 5 lub 10 cc, w zale\u017cno\u015bci od obj\u0119to\u015bci roztworu do wstrzykni\u0119cia<\/li>\n<\/ul>\n<p>Metoda iniekcji dostawowej<\/p>\n<p>W tym celu zaleca si\u0119 wykorzystanie nast\u0119puj\u0105cych materia\u0142\u00f3w i przyrz\u0105d\u00f3w:<\/p>\n<ul>\n<li>materia\u0142y do antyseptycznego przygotowania powierzchni sk\u00f3ry: sterylne r\u0119kawiczki, roztw\u00f3r jodyny, roztw\u00f3r alkoholu, sterylne gaziki, chlorek etylu w sprayu do sk\u00f3ry<\/li>\n<\/ul>\n<p>Zaleca si\u0119 zastosowanie znieczulenia miejscowego na sk\u00f3rze w okolicy wykonywanego zabiegu.<\/p>\n<ul>\n<li>ig\u0142y: sterylne 22 G<\/li>\n<li>strzykawki: rozmiar 2 cc, w zale\u017cno\u015bci od obj\u0119to\u015bci roztworu do wstrzykni\u0119cia<\/li>\n<\/ul>\n<h2>Interakcje<\/h2>\n<p>Pacjenci przyjmuj\u0105cy \u015brodki przeciwzakrzepowe lub ze zdiagnozowan\u0105 krucho\u015bci\u0105 naczy\u0144 krwiono\u015bnych powinni by\u0107 dok\u0142adnie obserwowani podczas leczenia.<\/p>\n<h2>Dzia\u0142ania niepo\u017c\u0105dane<\/h2>\n<p>Brak zaobserwowanych przypadk\u00f3w nadwra\u017cliwo\u015bci na MD-HIP. Zawiera kolagen pochodzenia zwierz\u0119cego ze \u017ar\u00f3d\u0142a wieprzowego. Niemniej jednak, pacjenci, u kt\u00f3rych zaobserwowano nadwra\u017cliwo\u015b\u0107 na kt\u00f3rykolwiek ze sk\u0142adnik\u00f3w preparatu, powinni przed jego zastosowaniem zosta\u0107 poddani testowi poprzez iniekcj\u0119 miejscow\u0105 wykonan\u0105 na ramieniu, a nast\u0119pnie obserwowani przez 1 godzin\u0119.<\/p>\n<p>W przypadku wyst\u0105pienia dzia\u0142a\u0144 niepo\u017c\u0105danych nale\u017cy skonsultowa\u0107 si\u0119 lekarzem.<\/p>\n<h2>Przechowywanie<\/h2>\n<p>Przechowywa\u0107 w temperaturze od 2 \u00b0C do 30 \u00b0C. Nie u\u017cywa\u0107 po przekroczeniu terminu wa\u017cno\u015bci uwidocznionego na pude\u0142ku. Przechowywa\u0107 w miejscu niedost\u0119pnym dla dzieci. Chroni\u0107 przed \u015bwiat\u0142em s\u0142onecznym i zamarzaniem.<\/p>\n<h2>Sk\u0142adniki<\/h2>\n<p>Kolagen pochodzenia wieprzowego, Substancje pomocnicze: Fosforan wapnia, NaCl, Woda do iniekcji.<\/p>\n<\/section><\/div>\n<\/section>\n<section class=\"section\">\n<div class=\"item item-12\">\n<section class=\"image-item\"><img decoding=\"async\" src=\"https:\/\/upload.cdn.baselinker.com\/products\/3016871\/20be6926fd8514652f2bea65c586693a.jpg\" \/><\/section>\n<\/p><\/div>\n<\/section>\n","protected":false},"excerpt":{"rendered":"<p>MD-HIP&nbsp;Roztw\u00f3r do wstrzykiwa\u0144 wyr\u00f3b medyczny do podawania dostawowego przez lekarza. Produkt zawiera kolagen pochodzenia wieprzowego. Poprawia ruchomo\u015b\u0107 stawu biodrowego. Aukcja dotyczy jednej ampu\u0142ki preparatu. Wskazania MD-HIP mo\u017ce by\u0107 stosowany samodzielnie lub w po\u0142\u0105czeniu z innymi wyrobami medycznymi z tej samej linii, aby odpowiednio dostosowa\u0107 leczenie, w zale\u017cno\u015bci od sytuacji klinicznej. W przypadku ostrego b\u00f3lu, gdy [&hellip;]<\/p>\n","protected":false},"featured_media":1029,"comment_status":"open","ping_status":"closed","template":"","meta":[],"product_brand":[],"product_cat":[138],"product_tag":[],"class_list":{"0":"post-1031","1":"product","2":"type-product","3":"status-publish","4":"has-post-thumbnail","6":"product_cat-kolagen","8":"first","9":"outofstock","10":"taxable","11":"shipping-taxable","12":"purchasable","13":"product-type-simple"},"_links":{"self":[{"href":"https:\/\/walkomed.pl\/sklep\/wp-json\/wp\/v2\/product\/1031","targetHints":{"allow":["GET"]}}],"collection":[{"href":"https:\/\/walkomed.pl\/sklep\/wp-json\/wp\/v2\/product"}],"about":[{"href":"https:\/\/walkomed.pl\/sklep\/wp-json\/wp\/v2\/types\/product"}],"replies":[{"embeddable":true,"href":"https:\/\/walkomed.pl\/sklep\/wp-json\/wp\/v2\/comments?post=1031"}],"wp:featuredmedia":[{"embeddable":true,"href":"https:\/\/walkomed.pl\/sklep\/wp-json\/wp\/v2\/media\/1029"}],"wp:attachment":[{"href":"https:\/\/walkomed.pl\/sklep\/wp-json\/wp\/v2\/media?parent=1031"}],"wp:term":[{"taxonomy":"product_brand","embeddable":true,"href":"https:\/\/walkomed.pl\/sklep\/wp-json\/wp\/v2\/product_brand?post=1031"},{"taxonomy":"product_cat","embeddable":true,"href":"https:\/\/walkomed.pl\/sklep\/wp-json\/wp\/v2\/product_cat?post=1031"},{"taxonomy":"product_tag","embeddable":true,"href":"https:\/\/walkomed.pl\/sklep\/wp-json\/wp\/v2\/product_tag?post=1031"}],"curies":[{"name":"wp","href":"https:\/\/api.w.org\/{rel}","templated":true}]}}