{"id":614,"date":"2025-02-09T16:03:08","date_gmt":"2025-02-09T15:03:08","guid":{"rendered":"https:\/\/walkomed.pl\/sklep\/koszyk\/"},"modified":"2025-08-29T10:10:51","modified_gmt":"2025-08-29T08:10:51","slug":"koszyk","status":"publish","type":"page","link":"https:\/\/walkomed.pl\/sklep\/koszyk\/","title":{"rendered":"Koszyk"},"content":{"rendered":"<div data-block-name=\"woocommerce\/cart\" class=\"wp-block-woocommerce-cart alignwide is-loading\"><div data-block-name=\"woocommerce\/filled-cart-block\" class=\"wp-block-woocommerce-filled-cart-block\"><div data-block-name=\"woocommerce\/cart-items-block\" class=\"wp-block-woocommerce-cart-items-block\"><div data-block-name=\"woocommerce\/cart-line-items-block\" class=\"wp-block-woocommerce-cart-line-items-block\"><\/div>\n\n<div data-block-name=\"woocommerce\/cart-cross-sells-block\" class=\"wp-block-woocommerce-cart-cross-sells-block\"><h2 class=\"wp-block-heading has-large-font-size\">Zobacz inne r\u00f3wnie interesuj\u0105ce\u2026<\/h2>\n\n<div data-block-name=\"woocommerce\/cart-cross-sells-products-block\" class=\"wp-block-woocommerce-cart-cross-sells-products-block\"><\/div><\/div><\/div>\n\n<div data-block-name=\"woocommerce\/cart-totals-block\" class=\"wp-block-woocommerce-cart-totals-block\"><div data-block-name=\"woocommerce\/cart-order-summary-block\" class=\"wp-block-woocommerce-cart-order-summary-block\"><div data-block-name=\"woocommerce\/cart-order-summary-heading-block\" class=\"wp-block-woocommerce-cart-order-summary-heading-block\"><\/div><div data-block-name=\"woocommerce\/cart-order-summary-coupon-form-block\" class=\"wp-block-woocommerce-cart-order-summary-coupon-form-block\"><\/div><div data-block-name=\"woocommerce\/cart-order-summary-totals-block\" class=\"wp-block-woocommerce-cart-order-summary-totals-block\">\n<div data-block-name=\"woocommerce\/cart-order-summary-subtotal-block\" class=\"wp-block-woocommerce-cart-order-summary-subtotal-block\"><\/div>\n<div data-block-name=\"woocommerce\/cart-order-summary-discount-block\" class=\"wp-block-woocommerce-cart-order-summary-discount-block\"><\/div>\n<div data-block-name=\"woocommerce\/cart-order-summary-fee-block\" class=\"wp-block-woocommerce-cart-order-summary-fee-block\"><\/div>\n<div data-block-name=\"woocommerce\/cart-order-summary-shipping-block\" class=\"wp-block-woocommerce-cart-order-summary-shipping-block\"><\/div>\n<div data-block-name=\"woocommerce\/cart-order-summary-taxes-block\" class=\"wp-block-woocommerce-cart-order-summary-taxes-block\"><\/div><\/div><\/div>\n\n<div data-block-name=\"woocommerce\/cart-express-payment-block\" class=\"wp-block-woocommerce-cart-express-payment-block\"><\/div>\n\n<div data-block-name=\"woocommerce\/proceed-to-checkout-block\" class=\"wp-block-woocommerce-proceed-to-checkout-block\"><\/div>\n\n<div data-block-name=\"woocommerce\/cart-accepted-payment-methods-block\" class=\"wp-block-woocommerce-cart-accepted-payment-methods-block\"><\/div><\/div><\/div>\n\n<div data-block-name=\"woocommerce\/empty-cart-block\" class=\"wp-block-woocommerce-empty-cart-block\"><h2 class=\"wp-block-heading has-text-align-center with-empty-cart-icon wc-block-cart__empty-cart__title\">Tw\u00f3j koszyk jest obecnie pusty!<\/h2>\n\n<hr class=\"wp-block-separator has-alpha-channel-opacity is-style-dots\"\/>\n\n<h2 class=\"wp-block-heading has-text-align-center\">Nowe w sklepie<\/h2>\n\n<div data-block-name=\"woocommerce\/product-new\" data-columns=\"4\" data-rows=\"1\" class=\"wc-block-grid wp-block-product-new wp-block-woocommerce-product-new wc-block-product-new has-4-columns\"><ul class=\"wc-block-grid__products\"><li class=\"wc-block-grid__product\">\n\t\t\t\t<a href=\"https:\/\/walkomed.pl\/sklep\/produkt\/md-knee-guna-tropokolagen-na-stawy-kolano-bol-mezoterapia-ampulka-2ml\/\" class=\"wc-block-grid__product-link\">\n\t\t\t\t\t\n\t\t\t\t\t<div class=\"wc-block-grid__product-image\"><img loading=\"lazy\" decoding=\"async\" width=\"300\" height=\"300\" src=\"https:\/\/walkomed.pl\/sklep\/wp-content\/uploads\/2025\/03\/ea299b6cb018b254713e5044935ff2b2-300x300.jpg\" class=\"attachment-woocommerce_thumbnail size-woocommerce_thumbnail\" alt=\"MD KNEE GUNA TROPOKOLAGEN na stawy kolano b\u00f3l mezoterapia ampu\u0142ka 2ml\" srcset=\"https:\/\/walkomed.pl\/sklep\/wp-content\/uploads\/2025\/03\/ea299b6cb018b254713e5044935ff2b2-300x300.jpg 300w, https:\/\/walkomed.pl\/sklep\/wp-content\/uploads\/2025\/03\/ea299b6cb018b254713e5044935ff2b2-150x150.jpg 150w, https:\/\/walkomed.pl\/sklep\/wp-content\/uploads\/2025\/03\/ea299b6cb018b254713e5044935ff2b2-100x100.jpg 100w\" sizes=\"auto, (max-width: 300px) 100vw, 300px\" \/><\/div>\n\t\t\t\t\t<div class=\"wc-block-grid__product-title\">MD KNEE GUNA TROPOKOLAGEN na stawy kolano b\u00f3l mezoterapia ampu\u0142ka 2ml<\/div>\n\t\t\t\t<\/a>\n\t\t\t\t<div class=\"wc-block-grid__product-price price\"><span class=\"woocommerce-Price-amount amount\">70,99&nbsp;<span class=\"woocommerce-Price-currencySymbol\">&#122;&#322;<\/span><\/span><\/div>\n\t\t\t\t\n\t\t\t\t<div class=\"wp-block-button wc-block-grid__product-add-to-cart\"><a href=\"?add-to-cart=1093\" aria-label=\"Dodaj do koszyka: &bdquo;MD KNEE GUNA TROPOKOLAGEN na stawy kolano b\u00f3l mezoterapia ampu\u0142ka 2ml&rdquo;\" data-quantity=\"1\" data-product_id=\"1093\" data-product_sku=\"\" data-price=\"70.99\" rel=\"nofollow\" class=\"wp-block-button__link wp-element-button add_to_cart_button ajax_add_to_cart\">Dodaj do koszyka<\/a><\/div>\n\t\t\t<\/li><li class=\"wc-block-grid__product\">\n\t\t\t\t<a href=\"https:\/\/walkomed.pl\/sklep\/produkt\/md-thoracic-guna-tropokolagen-kregoslup-piersiowy-mezoterapia-ampulka-2ml\/\" class=\"wc-block-grid__product-link\">\n\t\t\t\t\t\n\t\t\t\t\t<div class=\"wc-block-grid__product-image\"><img loading=\"lazy\" decoding=\"async\" width=\"300\" height=\"300\" src=\"https:\/\/walkomed.pl\/sklep\/wp-content\/uploads\/2025\/03\/9927aeaf13e571c7ab05d6ae7f5487e8-300x300.jpg\" class=\"attachment-woocommerce_thumbnail size-woocommerce_thumbnail\" alt=\"MD THORACIC GUNA TROPOKOLAGEN kr\u0119gos\u0142up piersiowy mezoterapia ampu\u0142ka 2ml\" srcset=\"https:\/\/walkomed.pl\/sklep\/wp-content\/uploads\/2025\/03\/9927aeaf13e571c7ab05d6ae7f5487e8-300x300.jpg 300w, https:\/\/walkomed.pl\/sklep\/wp-content\/uploads\/2025\/03\/9927aeaf13e571c7ab05d6ae7f5487e8-150x150.jpg 150w, https:\/\/walkomed.pl\/sklep\/wp-content\/uploads\/2025\/03\/9927aeaf13e571c7ab05d6ae7f5487e8-100x100.jpg 100w\" sizes=\"auto, (max-width: 300px) 100vw, 300px\" \/><\/div>\n\t\t\t\t\t<div class=\"wc-block-grid__product-title\">MD THORACIC GUNA TROPOKOLAGEN kr\u0119gos\u0142up piersiowy mezoterapia ampu\u0142ka 2ml<\/div>\n\t\t\t\t<\/a>\n\t\t\t\t<div class=\"wc-block-grid__product-price price\"><span class=\"woocommerce-Price-amount amount\">79,99&nbsp;<span class=\"woocommerce-Price-currencySymbol\">&#122;&#322;<\/span><\/span><\/div>\n\t\t\t\t\n\t\t\t\t<div class=\"wp-block-button wc-block-grid__product-add-to-cart\"><a href=\"?add-to-cart=1090\" aria-label=\"Dodaj do koszyka: &bdquo;MD THORACIC GUNA TROPOKOLAGEN kr\u0119gos\u0142up piersiowy mezoterapia ampu\u0142ka 2ml&rdquo;\" data-quantity=\"1\" data-product_id=\"1090\" data-product_sku=\"\" data-price=\"79.99\" rel=\"nofollow\" class=\"wp-block-button__link wp-element-button add_to_cart_button ajax_add_to_cart\">Dodaj do koszyka<\/a><\/div>\n\t\t\t<\/li><li class=\"wc-block-grid__product\">\n\t\t\t\t<a href=\"https:\/\/walkomed.pl\/sklep\/produkt\/md-tissue-guna-tropokolagen-stymulatory-tkankowe-mezoterapia-ampulka-1x-2ml-3\/\" class=\"wc-block-grid__product-link\">\n\t\t\t\t\t\n\t\t\t\t\t<div class=\"wc-block-grid__product-image\"><img loading=\"lazy\" decoding=\"async\" width=\"300\" height=\"300\" src=\"https:\/\/walkomed.pl\/sklep\/wp-content\/uploads\/2025\/02\/4942e8ee8fc87365703485dbad69a987-1-300x300.jpg\" class=\"attachment-woocommerce_thumbnail size-woocommerce_thumbnail\" alt=\"MD TISSUE GUNA TROPOKOLAGEN stymulatory tkankowe mezoterapia ampu\u0142ka 1x 2ml\" srcset=\"https:\/\/walkomed.pl\/sklep\/wp-content\/uploads\/2025\/02\/4942e8ee8fc87365703485dbad69a987-1-300x300.jpg 300w, https:\/\/walkomed.pl\/sklep\/wp-content\/uploads\/2025\/02\/4942e8ee8fc87365703485dbad69a987-1-100x100.jpg 100w, https:\/\/walkomed.pl\/sklep\/wp-content\/uploads\/2025\/02\/4942e8ee8fc87365703485dbad69a987-1-150x150.jpg 150w, https:\/\/walkomed.pl\/sklep\/wp-content\/uploads\/2025\/02\/4942e8ee8fc87365703485dbad69a987-1.jpg 500w\" sizes=\"auto, (max-width: 300px) 100vw, 300px\" \/><\/div>\n\t\t\t\t\t<div class=\"wc-block-grid__product-title\">MD TISSUE GUNA TROPOKOLAGEN stymulatory tkankowe mezoterapia ampu\u0142ka 1x 2ml<\/div>\n\t\t\t\t<\/a>\n\t\t\t\t<div class=\"wc-block-grid__product-price price\"><span class=\"woocommerce-Price-amount amount\">67,84&nbsp;<span class=\"woocommerce-Price-currencySymbol\">&#122;&#322;<\/span><\/span><\/div>\n\t\t\t\t\n\t\t\t\t<div class=\"wp-block-button wc-block-grid__product-add-to-cart\"><a href=\"?add-to-cart=941\" aria-label=\"Dodaj do koszyka: &bdquo;MD TISSUE GUNA TROPOKOLAGEN stymulatory tkankowe mezoterapia ampu\u0142ka 1x 2ml&rdquo;\" data-quantity=\"1\" data-product_id=\"941\" data-product_sku=\"\" data-price=\"67.84\" rel=\"nofollow\" class=\"wp-block-button__link wp-element-button add_to_cart_button ajax_add_to_cart\">Dodaj do koszyka<\/a><\/div>\n\t\t\t<\/li><li class=\"wc-block-grid__product\">\n\t\t\t\t<a href=\"https:\/\/walkomed.pl\/sklep\/produkt\/md-tissue-guna-tropokolagen-stymulatory-tkankowe-mezoterapia-ampulka-2x-2ml-3\/\" class=\"wc-block-grid__product-link\">\n\t\t\t\t\t\n\t\t\t\t\t<div class=\"wc-block-grid__product-image\"><img loading=\"lazy\" decoding=\"async\" width=\"300\" height=\"300\" src=\"https:\/\/walkomed.pl\/sklep\/wp-content\/uploads\/2025\/02\/2bc73a3c2cfa8153f535de8147b66a83-300x300.jpg\" class=\"attachment-woocommerce_thumbnail size-woocommerce_thumbnail\" alt=\"MD TISSUE GUNA TROPOKOLAGEN stymulatory tkankowe mezoterapia ampu\u0142ka 2x 2ml\" srcset=\"https:\/\/walkomed.pl\/sklep\/wp-content\/uploads\/2025\/02\/2bc73a3c2cfa8153f535de8147b66a83-300x300.jpg 300w, https:\/\/walkomed.pl\/sklep\/wp-content\/uploads\/2025\/02\/2bc73a3c2cfa8153f535de8147b66a83-100x100.jpg 100w, https:\/\/walkomed.pl\/sklep\/wp-content\/uploads\/2025\/02\/2bc73a3c2cfa8153f535de8147b66a83-150x150.jpg 150w, https:\/\/walkomed.pl\/sklep\/wp-content\/uploads\/2025\/02\/2bc73a3c2cfa8153f535de8147b66a83.jpg 500w\" sizes=\"auto, (max-width: 300px) 100vw, 300px\" \/><\/div>\n\t\t\t\t\t<div class=\"wc-block-grid__product-title\">MD TISSUE GUNA TROPOKOLAGEN stymulatory tkankowe mezoterapia ampu\u0142ka 2x 2ml<\/div>\n\t\t\t\t<\/a>\n\t\t\t\t<div class=\"wc-block-grid__product-price price\"><span class=\"woocommerce-Price-amount amount\">128,99&nbsp;<span class=\"woocommerce-Price-currencySymbol\">&#122;&#322;<\/span><\/span><\/div>\n\t\t\t\t\n\t\t\t\t<div class=\"wp-block-button wc-block-grid__product-add-to-cart\"><a href=\"?add-to-cart=932\" aria-label=\"Dodaj do koszyka: &bdquo;MD TISSUE GUNA TROPOKOLAGEN stymulatory tkankowe mezoterapia ampu\u0142ka 2x 2ml&rdquo;\" data-quantity=\"1\" data-product_id=\"932\" data-product_sku=\"\" data-price=\"128.99\" rel=\"nofollow\" class=\"wp-block-button__link wp-element-button add_to_cart_button ajax_add_to_cart\">Dodaj do koszyka<\/a><\/div>\n\t\t\t<\/li><\/ul><\/div><\/div><\/div>","protected":false},"excerpt":{"rendered":"","protected":false},"author":1,"featured_media":0,"parent":0,"menu_order":0,"comment_status":"closed","ping_status":"closed","template":"","meta":{"footnotes":""},"class_list":["post-614","page","type-page","status-publish","hentry"],"_links":{"self":[{"href":"https:\/\/walkomed.pl\/sklep\/wp-json\/wp\/v2\/pages\/614","targetHints":{"allow":["GET"]}}],"collection":[{"href":"https:\/\/walkomed.pl\/sklep\/wp-json\/wp\/v2\/pages"}],"about":[{"href":"https:\/\/walkomed.pl\/sklep\/wp-json\/wp\/v2\/types\/page"}],"author":[{"embeddable":true,"href":"https:\/\/walkomed.pl\/sklep\/wp-json\/wp\/v2\/users\/1"}],"replies":[{"embeddable":true,"href":"https:\/\/walkomed.pl\/sklep\/wp-json\/wp\/v2\/comments?post=614"}],"version-history":[{"count":2,"href":"https:\/\/walkomed.pl\/sklep\/wp-json\/wp\/v2\/pages\/614\/revisions"}],"predecessor-version":[{"id":676,"href":"https:\/\/walkomed.pl\/sklep\/wp-json\/wp\/v2\/pages\/614\/revisions\/676"}],"wp:attachment":[{"href":"https:\/\/walkomed.pl\/sklep\/wp-json\/wp\/v2\/media?parent=614"}],"curies":[{"name":"wp","href":"https:\/\/api.w.org\/{rel}","templated":true}]}}